{"id":5,"date":"2020-04-13T11:55:44","date_gmt":"2020-04-13T11:55:44","guid":{"rendered":"https:\/\/lhumanisme.org\/index.php\/mesmerize\/"},"modified":"2024-08-06T17:50:39","modified_gmt":"2024-08-06T17:50:39","slug":"accueil","status":"publish","type":"page","link":"https:\/\/lhumanisme.org\/","title":{"rendered":"Accueil"},"content":{"rendered":"<div  data-label=\"Overlappable\" data-id=\"overlappable--1\" data-export-id=\"overlappable-4\" data-category=\"overlappable\" class=\"overlappable-4 content-section content-section-spacing\" data-overlap=\"true\" id=\"overlappable-1\" style=\"background-color: rgb(255, 255, 255);\"><div  class=\"gridContainer\"> <div  data-type=\"row\" class=\"row spaced-cols text-center\"><div  class=\"col-xs-12 col-sm-4 col-padding\"> <i  class=\"fa icon shadow-large-black aligncenter color1 fa-graduation-cap reverse round large\"><\/i> <div  data-type=\"column\" class=\"\"> <h5  class=\"\">NOTRE PROGRAMME<\/h5> <p  class=\"\">Favorise l\u2019\u00e9panouissement acad\u00e9mique et personnelle des \u00e9l\u00e8ves.<\/p><\/div> <\/div> <div  class=\"col-xs-12 col-sm-4 col-padding\"> <i  class=\"fa icon shadow-large-black aligncenter color1 fa-users reverse round large\"><\/i> <div  data-type=\"column\" class=\"\"><h5  class=\"\">NOS PROFESSEURS<\/h5> <p  class=\"\">Inspirent et soutiennent l\u2019apprentissage avec passion et expertise.<\/p><\/div> <\/div> <div  class=\"col-xs-12 col-sm-4 col-padding\"> <i  class=\"fa icon shadow-large-black aligncenter color1 fa-key reverse round large\"><\/i> <div  data-type=\"column\" class=\"\"><h5  class=\"\">NOS INNOVATIONS<\/h5> <p  class=\"\">Nous promettons un soutien personnalis\u00e9 et une excellence \u00e9ducative.<\/p><\/div> <\/div><\/div> <\/div><\/div><div  data-label=\"Content\" data-id=\"content--1\" data-export-id=\"content-3\" data-category=\"content\" class=\"content-3 content-section content-section-spacing\" id=\"content-1\" style=\"background-color: rgb(245, 250, 253);\"><div > <div  class=\"row middle-xs\"><div  class=\"col-sm-7 full-col-left-padding full-col-right-padding\"> <div  class=\"row\"><div  data-type=\"column\" class=\"space-bottom-small content-title-col\"> <h5  class=\"\">QUI NOUS SOMMES&nbsp;<\/h5> <h2  class=\"\">BIENVENUE AU GCH<\/h2> <p  class=\"\">Le Grand Coll\u00e8ge L\u2019Humanisme est une institution la\u00efque fond\u00e9e le 16 Mars 1985 pour promouvoir les valeurs humanistes, la raison et la tol\u00e9rance. Ses activit\u00e9s incluent des formations, des conf\u00e9rences publiques et des programmes de recherche interdisciplinaire.&nbsp; Le Grand Coll\u00e8ge L\u2019Humanisme joue un r\u00f4le essentiel dans la formation d\u2019une citoyennet\u00e9 \u00e9clair\u00e9e et engag\u00e9e.<\/p><\/div> <\/div> <div  class=\"row spaced-cols\" data-type=\"row\"> <div  class=\"col-xs-6\" data-type=\"column\"> <h5  class=\"\">Enseignement<\/h5> <p  class=\"\">Nous offrons un enseignement de qualit\u00e9 dispens\u00e9 par une \u00e9quipe p\u00e9dagogique exp\u00e9riment\u00e9e et engag\u00e9e.<\/p><\/div> <div  class=\"col-xs-6\" data-type=\"column\"><h5  class=\"\">Environnement<\/h5> <p  class=\"\">Nos locaux offrent un cadre moderne et propice \u00e0 la r\u00e9flexion, favorisant la concentration.<\/p><\/div> <div  class=\"col-xs-6\" data-type=\"column\"><h5  class=\"\">Ouverture et diversit\u00e9<\/h5> <p  class=\"\">Nous valorisons l\u2019ouverture d\u2019esprit et rassemblons des participants d\u2019horizons vari\u00e9s, encourageant des d\u00e9bats stimulants.<\/p><\/div> <div  class=\"col-xs-6\" data-type=\"column\"><h5  class=\"\">Accompagnement&nbsp;<\/h5> <p  class=\"\">Un suivi individualis\u00e9 est assur\u00e9 pour identifier les besoins de chacun et leur apporter un soutien adapt\u00e9.<\/p><\/div> <\/div><\/div> <div  class=\"col-sm-5 bg-image shadow-large-black revert-classes-holder\" data-bg=\"image\" style=\"background-image: url(&quot;https:\/\/lhumanisme.org\/wp-content\/uploads\/2024\/08\/cropped-HUMA-CLERCINE-scaled-1.jpg&quot;);\"><\/div><\/div> <\/div><\/div><div  data-label=\"About\" data-id=\"about--1\" data-export-id=\"about-1\" data-category=\"about\" class=\"about-1 content-section\" id=\"about-1\" style=\"background-color: rgb(255, 255, 255);\"><div  class=\"gridContainer\"> <div  class=\"row text-center\"><div  class=\"section-title-col\" data-type=\"column\"> <h5  class=\"\">NOTRE DEVISE<\/h5>  <h3  class=\"\">\u201d VERS LA PLUS GRANDE GLOIRE PAR LE TRAVAIL ET LA DIGNITE \u201c<\/h3><\/div> <\/div> <div  class=\"row\"> <div  class=\"button-holder space-bottom space-bottom-small\" data-type=\"column\"><a  class=\"button blue\" href=\"#\">new button<\/a> <\/div> <div  class=\"col-xs bottom-xs flexbox image-group-bottom-3-img space-bottom-xs center-xs\"> <img  decoding=\"async\" class=\"left-img shadow-large-black\" data-size=\"500x300\" src=\"https:\/\/lhumanisme.org\/wp-content\/uploads\/2024\/08\/cropped-MG_2309-scaled-1.jpg\" title=\"_MG_2309\" alt=\"\"> <img  decoding=\"async\" class=\"center-img shadow-large-black\" data-size=\"500x300\" src=\"https:\/\/lhumanisme.org\/wp-content\/uploads\/2024\/08\/cropped-MG_2391-scaled-1.jpg\" title=\"_MG_2391\" alt=\"\"> <img  decoding=\"async\" class=\"right-img shadow-large-black\" data-size=\"500x300\" src=\"https:\/\/lhumanisme.org\/wp-content\/uploads\/2024\/08\/cropped-IMG_2321-scaled-1.jpg\" title=\"IMG_2321\" alt=\"\"><\/div> <\/div><\/div> <\/div><div  data-label=\"Latest-news\" data-id=\"latest_news--1\" data-export-id=\"blog-section\" data-category=\"latest_news\" class=\"blog-section blog-section-standard content-section content-section-spacing\" id=\"latest_news-1\" style=\"background-color: rgb(245, 250, 253);\"><div  class=\"gridContainer\"> <div  class=\"row\"><div  data-type=\"column\" class=\"section-title-col\">  <p  class=\"lead\"><span  style=\"color: rgb(0, 0, 0); font-family: -apple-system, system-ui, BlinkMacSystemFont, &quot;Segoe UI&quot;, Roboto, Oxygen-Sans, Ubuntu, Cantarell, &quot;Helvetica Neue&quot;, sans-serif; font-size: 18px; text-align: start; background-color: rgb(247, 247, 247);\">Chez nous, nous accordons une grande importance au partage d\u2019informations et de connaissances de qualit\u00e9. Nous mettons r\u00e9guli\u00e8rement \u00e0 la disposition de notre communaut\u00e9 une s\u00e9lection d\u2019actualit\u00e9s pertinentes concernant notre \u00e9tablissement, telles que les nouveaux programmes, les \u00e9v\u00e9nements \u00e0 venir ou les r\u00e9alisations de nos \u00e9tudiants.<\/span><\/p><\/div> <\/div> <div  class=\"row\"> <div  data-type=\"row\" data-dynamic-columns=\"handled\" data-content-shortcode=\"mesmerize_latest_news\">\t\t<div class=\"row center-sm content-left-sm\">\n\t\t\t\t\t<div id=\"post-52\" class=\"col-sm-6 col-md-4 space-bottom space-bottom-xs\">\n\t\t\t\t<div class=\"post-content card y-move bordered\">\n\t\t\t\t\t<div class=\"post-thumbnail\">\n   <a href=\"https:\/\/lhumanisme.org\/index.php\/2020\/04\/18\/a-ladresse-des-parents-et-de-nos-chers-eleves\/\" class=\"post-list-item-thumb \">\n      <img loading=\"lazy\" decoding=\"async\" width=\"1024\" height=\"356\" src=\"https:\/\/lhumanisme.org\/wp-content\/uploads\/2021\/11\/LOGO-LIMANIS_LAKAY_OU-1-1024x356.png\" class=\"attachment-post-thumbnail size-post-thumbnail wp-post-image\" alt=\"\" srcset=\"https:\/\/lhumanisme.org\/wp-content\/uploads\/2021\/11\/LOGO-LIMANIS_LAKAY_OU-1-1024x356.png 1024w, https:\/\/lhumanisme.org\/wp-content\/uploads\/2021\/11\/LOGO-LIMANIS_LAKAY_OU-1-300x104.png 300w, https:\/\/lhumanisme.org\/wp-content\/uploads\/2021\/11\/LOGO-LIMANIS_LAKAY_OU-1-768x267.png 768w, https:\/\/lhumanisme.org\/wp-content\/uploads\/2021\/11\/LOGO-LIMANIS_LAKAY_OU-1-1536x534.png 1536w, https:\/\/lhumanisme.org\/wp-content\/uploads\/2021\/11\/LOGO-LIMANIS_LAKAY_OU-1-2048x711.png 2048w, https:\/\/lhumanisme.org\/wp-content\/uploads\/2021\/11\/LOGO-LIMANIS_LAKAY_OU-1-1920x667.png 1920w\" sizes=\"(max-width: 1024px) 100vw, 1024px\" \/>   <\/a>\n<\/div>\n\t\t\t\t\t<div class=\"col-padding col-padding-xs\">\n\t\t\t\t\t\t<h3 class=\"post-title space-bottom-small\">\n\t\t\t\t\t\t\t<a href=\"https:\/\/lhumanisme.org\/index.php\/2020\/04\/18\/a-ladresse-des-parents-et-de-nos-chers-eleves\/\" rel=\"bookmark\">\n\t\t\t\t\t\t\t\tA l&#8217;adresse des parents et de nos chers \u00e9l\u00e8ves\t\t\t\t\t\t\t<\/a>\n\t\t\t\t\t\t<\/h3>\n\t\t\t\t\t\t<p>\u00a0 \u00a0 \u00a0 \u00a0 \u00a0L&#8217;ann\u00e9e acad\u00e9mique 2019-20 est durement \u00e9prouv\u00e9e d&#8217;abord par les troubles civiles puis par la pand\u00e9mie COVID-19[&hellip;]<\/p>\n\t\t\t\t\t\t<a class=\"read-more link\" href=\"https:\/\/lhumanisme.org\/index.php\/2020\/04\/18\/a-ladresse-des-parents-et-de-nos-chers-eleves\/\">\n\t\t\t\t\t\t\tRead more\t\t\t\t\t\t<\/a>\n\t\t\t\t\t<\/div>\n\t\t\t\t<\/div>\n\t\t\t<\/div>\n\t\t\t\t\t\t<div id=\"post-30\" class=\"col-sm-6 col-md-4 space-bottom space-bottom-xs\">\n\t\t\t\t<div class=\"post-content card y-move bordered\">\n\t\t\t\t\t<div class=\"post-thumbnail\">\n   <a href=\"https:\/\/lhumanisme.org\/index.php\/2020\/04\/18\/articles-2\/\" class=\"post-list-item-thumb \">\n      <img loading=\"lazy\" decoding=\"async\" width=\"1024\" height=\"1024\" src=\"https:\/\/lhumanisme.org\/wp-content\/uploads\/2021\/11\/logo_gch-1024x1024.png\" class=\"attachment-post-thumbnail size-post-thumbnail wp-post-image\" alt=\"\" srcset=\"https:\/\/lhumanisme.org\/wp-content\/uploads\/2021\/11\/logo_gch-1024x1024.png 1024w, https:\/\/lhumanisme.org\/wp-content\/uploads\/2021\/11\/logo_gch-300x300.png 300w, https:\/\/lhumanisme.org\/wp-content\/uploads\/2021\/11\/logo_gch-150x150.png 150w, https:\/\/lhumanisme.org\/wp-content\/uploads\/2021\/11\/logo_gch-768x768.png 768w, https:\/\/lhumanisme.org\/wp-content\/uploads\/2021\/11\/logo_gch-1536x1536.png 1536w, https:\/\/lhumanisme.org\/wp-content\/uploads\/2021\/11\/logo_gch-2048x2048.png 2048w, https:\/\/lhumanisme.org\/wp-content\/uploads\/2021\/11\/logo_gch-1080x1080.png 1080w\" sizes=\"(max-width: 1024px) 100vw, 1024px\" \/>   <\/a>\n<\/div>\n\t\t\t\t\t<div class=\"col-padding col-padding-xs\">\n\t\t\t\t\t\t<h3 class=\"post-title space-bottom-small\">\n\t\t\t\t\t\t\t<a href=\"https:\/\/lhumanisme.org\/index.php\/2020\/04\/18\/articles-2\/\" rel=\"bookmark\">\n\t\t\t\t\t\t\t\tArticles 2\t\t\t\t\t\t\t<\/a>\n\t\t\t\t\t\t<\/h3>\n\t\t\t\t\t\t<p>Voici le texte de l&#8217;article ou publication # 2 Voici le texte de l&#8217;article ou publication # 2 Voici le[&hellip;]<\/p>\n\t\t\t\t\t\t<a class=\"read-more link\" href=\"https:\/\/lhumanisme.org\/index.php\/2020\/04\/18\/articles-2\/\">\n\t\t\t\t\t\t\tRead more\t\t\t\t\t\t<\/a>\n\t\t\t\t\t<\/div>\n\t\t\t\t<\/div>\n\t\t\t<\/div>\n\t\t\t\t\t\t<div id=\"post-28\" class=\"col-sm-6 col-md-4 space-bottom space-bottom-xs\">\n\t\t\t\t<div class=\"post-content card y-move bordered\">\n\t\t\t\t\t<div class=\"post-thumbnail\">\n   <a href=\"https:\/\/lhumanisme.org\/index.php\/2020\/04\/18\/article-1\/\" class=\"post-list-item-thumb \">\n      \n            <svg class=\"mesmerize-post-list-item-thumb-placeholder\" width=\"890\" height=\"580\" viewBox=\"0 0 890 580\"\n         preserveAspectRatio=\"none\">\n         <rect width=\"890\" height=\"580\" style=\"fill:#03a9f4;\"><\/rect>\n      <\/svg>\n               <\/a>\n<\/div>\n\t\t\t\t\t<div class=\"col-padding col-padding-xs\">\n\t\t\t\t\t\t<h3 class=\"post-title space-bottom-small\">\n\t\t\t\t\t\t\t<a href=\"https:\/\/lhumanisme.org\/index.php\/2020\/04\/18\/article-1\/\" rel=\"bookmark\">\n\t\t\t\t\t\t\t\tArticle # 1\t\t\t\t\t\t\t<\/a>\n\t\t\t\t\t\t<\/h3>\n\t\t\t\t\t\t<p>oici le texte de l&#8217;article ou publication # 1 Voici le texte de l&#8217;article ou publication # 1 Voici le[&hellip;]<\/p>\n\t\t\t\t\t\t<a class=\"read-more link\" href=\"https:\/\/lhumanisme.org\/index.php\/2020\/04\/18\/article-1\/\">\n\t\t\t\t\t\t\tRead more\t\t\t\t\t\t<\/a>\n\t\t\t\t\t<\/div>\n\t\t\t\t<\/div>\n\t\t\t<\/div>\n\t\t\t\t<\/div>\n\t<\/div><\/div> <div  class=\"row\"><div  class=\"text-center\"> <a  class=\"button color1\" data-attr-shortcode=\"href:mesmerize_blog_link\" href=\"https:\/\/lhumanisme.org\/index.php\/blog\/\">Voir toutes les nouvelles<\/a><\/div> <\/div><\/div><\/div>","protected":false},"excerpt":{"rendered":"<p>NOTRE PROGRAMME Favorise l\u2019\u00e9panouissement acad\u00e9mique et personnelle des \u00e9l\u00e8ves. NOS PROFESSEURS Inspirent et soutiennent l\u2019apprentissage avec passion et expertise. NOS&hellip; <br \/> <a class=\"read-more\" href=\"https:\/\/lhumanisme.org\/index.php\/2020\/04\/18\/article-1\/\">Lire la suite<\/a><\/p>\n","protected":false},"author":1,"featured_media":0,"parent":0,"menu_order":0,"comment_status":"closed","ping_status":"closed","template":"page-templates\/homepage.php","meta":{"footnotes":""},"class_list":["post-5","page","type-page","status-publish","hentry"],"_links":{"self":[{"href":"https:\/\/lhumanisme.org\/index.php\/wp-json\/wp\/v2\/pages\/5"}],"collection":[{"href":"https:\/\/lhumanisme.org\/index.php\/wp-json\/wp\/v2\/pages"}],"about":[{"href":"https:\/\/lhumanisme.org\/index.php\/wp-json\/wp\/v2\/types\/page"}],"author":[{"embeddable":true,"href":"https:\/\/lhumanisme.org\/index.php\/wp-json\/wp\/v2\/users\/1"}],"replies":[{"embeddable":true,"href":"https:\/\/lhumanisme.org\/index.php\/wp-json\/wp\/v2\/comments?post=5"}],"version-history":[{"count":57,"href":"https:\/\/lhumanisme.org\/index.php\/wp-json\/wp\/v2\/pages\/5\/revisions"}],"predecessor-version":[{"id":5551,"href":"https:\/\/lhumanisme.org\/index.php\/wp-json\/wp\/v2\/pages\/5\/revisions\/5551"}],"wp:attachment":[{"href":"https:\/\/lhumanisme.org\/index.php\/wp-json\/wp\/v2\/media?parent=5"}],"curies":[{"name":"wp","href":"https:\/\/api.w.org\/{rel}","templated":true}]}}